{"id":174,"date":"2019-01-02T19:58:35","date_gmt":"2019-01-02T19:58:35","guid":{"rendered":"http:\/\/www.vortize.com\/blog\/?page_id=174"},"modified":"2023-11-13T13:48:20","modified_gmt":"2023-11-13T12:48:20","slug":"servicios-tecnicos","status":"publish","type":"page","link":"https:\/\/www.vortize.com\/blog\/servicios-tecnicos\/","title":{"rendered":"Nuestros Servicios"},"content":{"rendered":"\n<div class=\"wp-block-columns is-layout-flex wp-container-core-columns-is-layout-1 wp-block-columns-is-layout-flex\">\n<div class=\"wp-block-column is-vertically-aligned-center is-layout-flow wp-block-column-is-layout-flow\" style=\"flex-basis:15%\"><div class=\"wp-block-image is-resized\">\n<figure class=\"aligncenter size-full\"><img fetchpriority=\"high\" decoding=\"async\" width=\"825\" height=\"825\" src=\"https:\/\/www.vortize.com\/blog\/wp-content\/uploads\/2021\/02\/edificacion_R.png\" alt=\"\" class=\"wp-image-1726\" srcset=\"https:\/\/www.vortize.com\/blog\/wp-content\/uploads\/2021\/02\/edificacion_R.png 825w, https:\/\/www.vortize.com\/blog\/wp-content\/uploads\/2021\/02\/edificacion_R-250x250.png 250w, https:\/\/www.vortize.com\/blog\/wp-content\/uploads\/2021\/02\/edificacion_R-150x150.png 150w, https:\/\/www.vortize.com\/blog\/wp-content\/uploads\/2021\/02\/edificacion_R-768x768.png 768w, https:\/\/www.vortize.com\/blog\/wp-content\/uploads\/2021\/02\/edificacion_R-700x700.png 700w, https:\/\/www.vortize.com\/blog\/wp-content\/uploads\/2021\/02\/edificacion_R-650x650.png 650w, https:\/\/www.vortize.com\/blog\/wp-content\/uploads\/2021\/02\/edificacion_R-300x300.png 300w, https:\/\/www.vortize.com\/blog\/wp-content\/uploads\/2021\/02\/edificacion_R-550x550.png 550w\" sizes=\"(max-width: 825px) 100vw, 825px\" \/><\/figure><\/div><\/div>\n\n\n\n<div class=\"wp-block-column is-vertically-aligned-top is-layout-flow wp-block-column-is-layout-flow\" style=\"flex-basis:60%\">\n<h3 class=\"wp-block-heading alignfull\"><strong>EDIFICACI\u00d3N<\/strong><\/h3>\n\n\n\n<p class=\"has-black-color has-text-color\">Desarrollo y seguimiento de proyectos de obra nueva, desde la idea inicial hasta su ejecuci\u00f3n. Intervenciones de rehabilitaci\u00f3n, abarcando desde consolidaci\u00f3n y refuerzo estructural hasta obras de mejora de accesibilidad, de eficiencia energ\u00e9tica, etc.<\/p>\n<\/div>\n<\/div>\n\n\n\n<div class=\"wp-block-columns is-layout-flex wp-container-core-columns-is-layout-2 wp-block-columns-is-layout-flex\">\n<div class=\"wp-block-column is-layout-flow wp-block-column-is-layout-flow\" style=\"flex-basis:15%\"><div class=\"wp-block-image is-resized\">\n<figure class=\"aligncenter size-large\"><img decoding=\"async\" width=\"826\" height=\"825\" src=\"https:\/\/www.vortize.com\/blog\/wp-content\/uploads\/2021\/02\/reformas_R.png\" alt=\"\" class=\"wp-image-1729\" srcset=\"https:\/\/www.vortize.com\/blog\/wp-content\/uploads\/2021\/02\/reformas_R.png 826w, https:\/\/www.vortize.com\/blog\/wp-content\/uploads\/2021\/02\/reformas_R-150x150.png 150w, https:\/\/www.vortize.com\/blog\/wp-content\/uploads\/2021\/02\/reformas_R-300x300.png 300w, https:\/\/www.vortize.com\/blog\/wp-content\/uploads\/2021\/02\/reformas_R-768x767.png 768w, https:\/\/www.vortize.com\/blog\/wp-content\/uploads\/2021\/02\/reformas_R-550x550.png 550w, https:\/\/www.vortize.com\/blog\/wp-content\/uploads\/2021\/02\/reformas_R-250x250.png 250w, https:\/\/www.vortize.com\/blog\/wp-content\/uploads\/2021\/02\/reformas_R-700x699.png 700w, https:\/\/www.vortize.com\/blog\/wp-content\/uploads\/2021\/02\/reformas_R-650x650.png 650w\" sizes=\"(max-width: 826px) 100vw, 826px\" \/><\/figure><\/div><\/div>\n\n\n\n<div class=\"wp-block-column is-vertically-aligned-top is-layout-flow wp-block-column-is-layout-flow\" style=\"flex-basis:60%\">\n<h3 class=\"wp-block-heading\"><strong>REFORMAS E INTERIORISMO<\/strong><\/h3>\n\n\n\n<p>Dise\u00f1o de interiores y proyectos de reforma integral para viviendas, edificaciones y locales, ofreciendo infograf\u00edas de alta calidad y otros medios inmersivos de previsualizaci\u00f3n para asegurar la m\u00e1xima aproximaci\u00f3n al aspecto tras la intervenci\u00f3n.<\/p>\n<\/div>\n<\/div>\n\n\n\n<div class=\"wp-block-columns is-layout-flex wp-container-core-columns-is-layout-3 wp-block-columns-is-layout-flex\">\n<div class=\"wp-block-column is-layout-flow wp-block-column-is-layout-flow\" style=\"flex-basis:15%\"><div class=\"wp-block-image is-resized\">\n<figure class=\"aligncenter size-large\"><img decoding=\"async\" width=\"825\" height=\"825\" src=\"https:\/\/www.vortize.com\/blog\/wp-content\/uploads\/2021\/02\/actividades_R.png\" alt=\"\" class=\"wp-image-1724\" srcset=\"https:\/\/www.vortize.com\/blog\/wp-content\/uploads\/2021\/02\/actividades_R.png 825w, https:\/\/www.vortize.com\/blog\/wp-content\/uploads\/2021\/02\/actividades_R-150x150.png 150w, https:\/\/www.vortize.com\/blog\/wp-content\/uploads\/2021\/02\/actividades_R-300x300.png 300w, https:\/\/www.vortize.com\/blog\/wp-content\/uploads\/2021\/02\/actividades_R-768x768.png 768w, https:\/\/www.vortize.com\/blog\/wp-content\/uploads\/2021\/02\/actividades_R-550x550.png 550w, https:\/\/www.vortize.com\/blog\/wp-content\/uploads\/2021\/02\/actividades_R-250x250.png 250w, https:\/\/www.vortize.com\/blog\/wp-content\/uploads\/2021\/02\/actividades_R-700x700.png 700w, https:\/\/www.vortize.com\/blog\/wp-content\/uploads\/2021\/02\/actividades_R-650x650.png 650w\" sizes=\"(max-width: 825px) 100vw, 825px\" \/><\/figure><\/div><\/div>\n\n\n\n<div class=\"wp-block-column is-vertically-aligned-top is-layout-flow wp-block-column-is-layout-flow\" style=\"flex-basis:60%\">\n<h3 class=\"wp-block-heading\"><strong>ACTIVIDADES COMERCIALES<\/strong><\/h3>\n\n\n\n<p>Elaboraci\u00f3n de documentaci\u00f3n t\u00e9cnica necesaria para obtenci\u00f3n de licencias y permisos en apertura de actividades comerciales, hoteleras e instalaciones recreativas con o sin obras de reforma y\/o afecci\u00f3n de Incidencia Ambiental.<\/p>\n<\/div>\n<\/div>\n\n\n\n<div class=\"wp-block-columns is-layout-flex wp-container-core-columns-is-layout-4 wp-block-columns-is-layout-flex\">\n<div class=\"wp-block-column is-layout-flow wp-block-column-is-layout-flow\" style=\"flex-basis:15%\"><div class=\"wp-block-image is-resized\">\n<figure class=\"aligncenter size-large\"><img loading=\"lazy\" decoding=\"async\" width=\"825\" height=\"826\" src=\"https:\/\/www.vortize.com\/blog\/wp-content\/uploads\/2021\/02\/legal_R.png\" alt=\"\" class=\"wp-image-1728\" srcset=\"https:\/\/www.vortize.com\/blog\/wp-content\/uploads\/2021\/02\/legal_R.png 825w, https:\/\/www.vortize.com\/blog\/wp-content\/uploads\/2021\/02\/legal_R-150x150.png 150w, https:\/\/www.vortize.com\/blog\/wp-content\/uploads\/2021\/02\/legal_R-300x300.png 300w, https:\/\/www.vortize.com\/blog\/wp-content\/uploads\/2021\/02\/legal_R-768x769.png 768w, https:\/\/www.vortize.com\/blog\/wp-content\/uploads\/2021\/02\/legal_R-550x550.png 550w, https:\/\/www.vortize.com\/blog\/wp-content\/uploads\/2021\/02\/legal_R-250x250.png 250w, https:\/\/www.vortize.com\/blog\/wp-content\/uploads\/2021\/02\/legal_R-700x701.png 700w, https:\/\/www.vortize.com\/blog\/wp-content\/uploads\/2021\/02\/legal_R-650x650.png 650w\" sizes=\"(max-width: 825px) 100vw, 825px\" \/><\/figure><\/div><\/div>\n\n\n\n<div class=\"wp-block-column is-vertically-aligned-top is-layout-flow wp-block-column-is-layout-flow\" style=\"flex-basis:60%\">\n<h3 class=\"wp-block-heading\"><strong>ARQUITECTURA LEGAL<\/strong><\/h3>\n\n\n\n<p>Elaboraci\u00f3n de Informes Periciales, Dict\u00e1menes T\u00e9cnicos y arbitrajes. Legalizaci\u00f3n y Regularizaci\u00f3n de viviendas en suelo urbano y r\u00fastico. Valoraciones y Tasaciones. Procedimientos Catastrales. Expedientes de Ruina.<\/p>\n<\/div>\n<\/div>\n\n\n\n<div class=\"wp-block-columns is-layout-flex wp-container-core-columns-is-layout-5 wp-block-columns-is-layout-flex\">\n<div class=\"wp-block-column is-layout-flow wp-block-column-is-layout-flow\" style=\"flex-basis:15%\"><div class=\"wp-block-image is-resized\">\n<figure class=\"aligncenter size-large\"><img loading=\"lazy\" decoding=\"async\" width=\"826\" height=\"826\" src=\"https:\/\/www.vortize.com\/blog\/wp-content\/uploads\/2021\/02\/energetica_R.png\" alt=\"\" class=\"wp-image-1727\" srcset=\"https:\/\/www.vortize.com\/blog\/wp-content\/uploads\/2021\/02\/energetica_R.png 826w, https:\/\/www.vortize.com\/blog\/wp-content\/uploads\/2021\/02\/energetica_R-150x150.png 150w, https:\/\/www.vortize.com\/blog\/wp-content\/uploads\/2021\/02\/energetica_R-300x300.png 300w, https:\/\/www.vortize.com\/blog\/wp-content\/uploads\/2021\/02\/energetica_R-768x768.png 768w, https:\/\/www.vortize.com\/blog\/wp-content\/uploads\/2021\/02\/energetica_R-550x550.png 550w, https:\/\/www.vortize.com\/blog\/wp-content\/uploads\/2021\/02\/energetica_R-250x250.png 250w, https:\/\/www.vortize.com\/blog\/wp-content\/uploads\/2021\/02\/energetica_R-700x700.png 700w, https:\/\/www.vortize.com\/blog\/wp-content\/uploads\/2021\/02\/energetica_R-650x650.png 650w\" sizes=\"(max-width: 826px) 100vw, 826px\" \/><\/figure><\/div><\/div>\n\n\n\n<div class=\"wp-block-column is-vertically-aligned-top is-layout-flow wp-block-column-is-layout-flow\" style=\"flex-basis:60%\">\n<h3 class=\"wp-block-heading\"><strong><strong>EFICIENCIA ENERG\u00c9TICA E IMPACTO AMBIENTAL<\/strong><\/strong><\/h3>\n\n\n\n<p>Certificados energ\u00e9ticos para edificaciones existentes y en proyecto S\/ RD 235\/2013. Informe de Evaluaci\u00f3n del Edificio S\/ RDL 7\/2015. Elaboraci\u00f3n de documentaci\u00f3n t\u00e9cnica de an\u00e1lisis ambiental para edificaciones y actividades.<\/p>\n<\/div>\n<\/div>\n\n\n\n<div class=\"wp-block-columns is-layout-flex wp-container-core-columns-is-layout-6 wp-block-columns-is-layout-flex\">\n<div class=\"wp-block-column is-layout-flow wp-block-column-is-layout-flow\" style=\"flex-basis:15%\"><div class=\"wp-block-image is-resized\">\n<figure class=\"aligncenter size-large\"><img loading=\"lazy\" decoding=\"async\" width=\"826\" height=\"826\" src=\"https:\/\/www.vortize.com\/blog\/wp-content\/uploads\/2021\/02\/consultoria_R.png\" alt=\"\" class=\"wp-image-1725\" srcset=\"https:\/\/www.vortize.com\/blog\/wp-content\/uploads\/2021\/02\/consultoria_R.png 826w, https:\/\/www.vortize.com\/blog\/wp-content\/uploads\/2021\/02\/consultoria_R-150x150.png 150w, https:\/\/www.vortize.com\/blog\/wp-content\/uploads\/2021\/02\/consultoria_R-300x300.png 300w, https:\/\/www.vortize.com\/blog\/wp-content\/uploads\/2021\/02\/consultoria_R-768x768.png 768w, https:\/\/www.vortize.com\/blog\/wp-content\/uploads\/2021\/02\/consultoria_R-550x550.png 550w, https:\/\/www.vortize.com\/blog\/wp-content\/uploads\/2021\/02\/consultoria_R-250x250.png 250w, https:\/\/www.vortize.com\/blog\/wp-content\/uploads\/2021\/02\/consultoria_R-700x700.png 700w, https:\/\/www.vortize.com\/blog\/wp-content\/uploads\/2021\/02\/consultoria_R-650x650.png 650w\" sizes=\"(max-width: 826px) 100vw, 826px\" \/><\/figure><\/div><\/div>\n\n\n\n<div class=\"wp-block-column is-vertically-aligned-top is-layout-flow wp-block-column-is-layout-flow\" style=\"flex-basis:60%\">\n<h3 class=\"wp-block-heading\"><strong><strong>CONSULTOR\u00cdA&nbsp;T\u00c9CNICA<\/strong><\/strong><\/h3>\n\n\n\n<p>Proyectos Parciales. Auditor\u00eda T\u00e9cnica. C\u00e1lculo de estructuras. Realizaci\u00f3n de documentaci\u00f3n para licitaciones de empresas constructoras. Colaboraciones interdisciplinares. Project Management y tramitaci\u00f3n delegada de todo tipo de expedientes.<\/p>\n<\/div>\n<\/div>\n","protected":false},"excerpt":{"rendered":"<p>EDIFICACI\u00d3N Desarrollo y seguimiento de proyectos de obra nueva, desde la idea inicial hasta su ejecuci\u00f3n. Intervenciones de rehabilitaci\u00f3n, abarcando desde consolidaci\u00f3n y refuerzo estructural hasta obras de mejora de accesibilidad, de eficiencia energ\u00e9tica, etc. REFORMAS E INTERIORISMO Dise\u00f1o de interiores y proyectos de reforma&#8230;<\/p>\n","protected":false},"author":1,"featured_media":0,"parent":0,"menu_order":0,"comment_status":"closed","ping_status":"closed","template":"","meta":{"footnotes":""},"class_list":["post-174","page","type-page","status-publish","hentry"],"yoast_head":"<!-- This site is optimized with the Yoast SEO plugin v25.6 - https:\/\/yoast.com\/wordpress\/plugins\/seo\/ -->\n<title>Nuestros Servicios - Vortize Arquitectos<\/title>\n<meta name=\"robots\" content=\"index, follow, max-snippet:-1, max-image-preview:large, max-video-preview:-1\" \/>\n<link rel=\"canonical\" href=\"https:\/\/www.vortize.com\/blog\/servicios-tecnicos\/\" \/>\n<meta property=\"og:locale\" content=\"es_ES\" \/>\n<meta property=\"og:type\" content=\"article\" \/>\n<meta property=\"og:title\" content=\"Nuestros Servicios - Vortize Arquitectos\" \/>\n<meta property=\"og:description\" content=\"EDIFICACI\u00d3N Desarrollo y seguimiento de proyectos de obra nueva, desde la idea inicial hasta su ejecuci\u00f3n. Intervenciones de rehabilitaci\u00f3n, abarcando desde consolidaci\u00f3n y refuerzo estructural hasta obras de mejora de accesibilidad, de eficiencia energ\u00e9tica, etc. REFORMAS E INTERIORISMO Dise\u00f1o de interiores y proyectos de reforma...\" \/>\n<meta property=\"og:url\" content=\"https:\/\/www.vortize.com\/blog\/servicios-tecnicos\/\" \/>\n<meta property=\"og:site_name\" content=\"Vortize Arquitectos\" \/>\n<meta property=\"article:modified_time\" content=\"2023-11-13T12:48:20+00:00\" \/>\n<meta property=\"og:image\" content=\"https:\/\/www.vortize.com\/blog\/wp-content\/uploads\/2021\/02\/edificacion_R.png\" \/>\n<meta name=\"twitter:card\" content=\"summary_large_image\" \/>\n<meta name=\"twitter:site\" content=\"@vortize_arq\" \/>\n<meta name=\"twitter:label1\" content=\"Tiempo de lectura\" \/>\n\t<meta name=\"twitter:data1\" content=\"3 minutos\" \/>\n<script type=\"application\/ld+json\" class=\"yoast-schema-graph\">{\"@context\":\"https:\/\/schema.org\",\"@graph\":[{\"@type\":\"WebPage\",\"@id\":\"https:\/\/www.vortize.com\/blog\/servicios-tecnicos\/\",\"url\":\"https:\/\/www.vortize.com\/blog\/servicios-tecnicos\/\",\"name\":\"Nuestros Servicios - Vortize Arquitectos\",\"isPartOf\":{\"@id\":\"https:\/\/www.vortize.com\/blog\/#website\"},\"primaryImageOfPage\":{\"@id\":\"https:\/\/www.vortize.com\/blog\/servicios-tecnicos\/#primaryimage\"},\"image\":{\"@id\":\"https:\/\/www.vortize.com\/blog\/servicios-tecnicos\/#primaryimage\"},\"thumbnailUrl\":\"https:\/\/www.vortize.com\/blog\/wp-content\/uploads\/2021\/02\/edificacion_R.png\",\"datePublished\":\"2019-01-02T19:58:35+00:00\",\"dateModified\":\"2023-11-13T12:48:20+00:00\",\"breadcrumb\":{\"@id\":\"https:\/\/www.vortize.com\/blog\/servicios-tecnicos\/#breadcrumb\"},\"inLanguage\":\"es\",\"potentialAction\":[{\"@type\":\"ReadAction\",\"target\":[\"https:\/\/www.vortize.com\/blog\/servicios-tecnicos\/\"]}]},{\"@type\":\"ImageObject\",\"inLanguage\":\"es\",\"@id\":\"https:\/\/www.vortize.com\/blog\/servicios-tecnicos\/#primaryimage\",\"url\":\"https:\/\/www.vortize.com\/blog\/wp-content\/uploads\/2021\/02\/edificacion_R.png\",\"contentUrl\":\"https:\/\/www.vortize.com\/blog\/wp-content\/uploads\/2021\/02\/edificacion_R.png\",\"width\":825,\"height\":825},{\"@type\":\"BreadcrumbList\",\"@id\":\"https:\/\/www.vortize.com\/blog\/servicios-tecnicos\/#breadcrumb\",\"itemListElement\":[{\"@type\":\"ListItem\",\"position\":1,\"name\":\"Portada\",\"item\":\"https:\/\/www.vortize.com\/blog\/\"},{\"@type\":\"ListItem\",\"position\":2,\"name\":\"Nuestros Servicios\"}]},{\"@type\":\"WebSite\",\"@id\":\"https:\/\/www.vortize.com\/blog\/#website\",\"url\":\"https:\/\/www.vortize.com\/blog\/\",\"name\":\"Vortize Arquitectos\",\"description\":\"Estudio de arquitectura, urbanismo y rehabilitaci\u00f3n\",\"publisher\":{\"@id\":\"https:\/\/www.vortize.com\/blog\/#organization\"},\"potentialAction\":[{\"@type\":\"SearchAction\",\"target\":{\"@type\":\"EntryPoint\",\"urlTemplate\":\"https:\/\/www.vortize.com\/blog\/?s={search_term_string}\"},\"query-input\":{\"@type\":\"PropertyValueSpecification\",\"valueRequired\":true,\"valueName\":\"search_term_string\"}}],\"inLanguage\":\"es\"},{\"@type\":\"Organization\",\"@id\":\"https:\/\/www.vortize.com\/blog\/#organization\",\"name\":\"Vortize Arquitectos\",\"url\":\"https:\/\/www.vortize.com\/blog\/\",\"logo\":{\"@type\":\"ImageObject\",\"inLanguage\":\"es\",\"@id\":\"https:\/\/www.vortize.com\/blog\/#\/schema\/logo\/image\/\",\"url\":\"https:\/\/i0.wp.com\/www.vortize.com\/blog\/wp-content\/uploads\/2021\/09\/Logo_2b_ancho_300.png?fit=299%2C107\",\"contentUrl\":\"https:\/\/i0.wp.com\/www.vortize.com\/blog\/wp-content\/uploads\/2021\/09\/Logo_2b_ancho_300.png?fit=299%2C107\",\"width\":299,\"height\":107,\"caption\":\"Vortize Arquitectos\"},\"image\":{\"@id\":\"https:\/\/www.vortize.com\/blog\/#\/schema\/logo\/image\/\"},\"sameAs\":[\"https:\/\/x.com\/vortize_arq\",\"https:\/\/www.linkedin.com\/in\/aortizes\/\",\"https:\/\/www.youtube.com\/channel\/UCrDE890NrmAMcCleXxA35Yg\"]}]}<\/script>\n<!-- \/ Yoast SEO plugin. -->","yoast_head_json":{"title":"Nuestros Servicios - Vortize Arquitectos","robots":{"index":"index","follow":"follow","max-snippet":"max-snippet:-1","max-image-preview":"max-image-preview:large","max-video-preview":"max-video-preview:-1"},"canonical":"https:\/\/www.vortize.com\/blog\/servicios-tecnicos\/","og_locale":"es_ES","og_type":"article","og_title":"Nuestros Servicios - Vortize Arquitectos","og_description":"EDIFICACI\u00d3N Desarrollo y seguimiento de proyectos de obra nueva, desde la idea inicial hasta su ejecuci\u00f3n. Intervenciones de rehabilitaci\u00f3n, abarcando desde consolidaci\u00f3n y refuerzo estructural hasta obras de mejora de accesibilidad, de eficiencia energ\u00e9tica, etc. REFORMAS E INTERIORISMO Dise\u00f1o de interiores y proyectos de reforma...","og_url":"https:\/\/www.vortize.com\/blog\/servicios-tecnicos\/","og_site_name":"Vortize Arquitectos","article_modified_time":"2023-11-13T12:48:20+00:00","og_image":[{"url":"https:\/\/www.vortize.com\/blog\/wp-content\/uploads\/2021\/02\/edificacion_R.png","type":"","width":"","height":""}],"twitter_card":"summary_large_image","twitter_site":"@vortize_arq","twitter_misc":{"Tiempo de lectura":"3 minutos"},"schema":{"@context":"https:\/\/schema.org","@graph":[{"@type":"WebPage","@id":"https:\/\/www.vortize.com\/blog\/servicios-tecnicos\/","url":"https:\/\/www.vortize.com\/blog\/servicios-tecnicos\/","name":"Nuestros Servicios - Vortize Arquitectos","isPartOf":{"@id":"https:\/\/www.vortize.com\/blog\/#website"},"primaryImageOfPage":{"@id":"https:\/\/www.vortize.com\/blog\/servicios-tecnicos\/#primaryimage"},"image":{"@id":"https:\/\/www.vortize.com\/blog\/servicios-tecnicos\/#primaryimage"},"thumbnailUrl":"https:\/\/www.vortize.com\/blog\/wp-content\/uploads\/2021\/02\/edificacion_R.png","datePublished":"2019-01-02T19:58:35+00:00","dateModified":"2023-11-13T12:48:20+00:00","breadcrumb":{"@id":"https:\/\/www.vortize.com\/blog\/servicios-tecnicos\/#breadcrumb"},"inLanguage":"es","potentialAction":[{"@type":"ReadAction","target":["https:\/\/www.vortize.com\/blog\/servicios-tecnicos\/"]}]},{"@type":"ImageObject","inLanguage":"es","@id":"https:\/\/www.vortize.com\/blog\/servicios-tecnicos\/#primaryimage","url":"https:\/\/www.vortize.com\/blog\/wp-content\/uploads\/2021\/02\/edificacion_R.png","contentUrl":"https:\/\/www.vortize.com\/blog\/wp-content\/uploads\/2021\/02\/edificacion_R.png","width":825,"height":825},{"@type":"BreadcrumbList","@id":"https:\/\/www.vortize.com\/blog\/servicios-tecnicos\/#breadcrumb","itemListElement":[{"@type":"ListItem","position":1,"name":"Portada","item":"https:\/\/www.vortize.com\/blog\/"},{"@type":"ListItem","position":2,"name":"Nuestros Servicios"}]},{"@type":"WebSite","@id":"https:\/\/www.vortize.com\/blog\/#website","url":"https:\/\/www.vortize.com\/blog\/","name":"Vortize Arquitectos","description":"Estudio de arquitectura, urbanismo y rehabilitaci\u00f3n","publisher":{"@id":"https:\/\/www.vortize.com\/blog\/#organization"},"potentialAction":[{"@type":"SearchAction","target":{"@type":"EntryPoint","urlTemplate":"https:\/\/www.vortize.com\/blog\/?s={search_term_string}"},"query-input":{"@type":"PropertyValueSpecification","valueRequired":true,"valueName":"search_term_string"}}],"inLanguage":"es"},{"@type":"Organization","@id":"https:\/\/www.vortize.com\/blog\/#organization","name":"Vortize Arquitectos","url":"https:\/\/www.vortize.com\/blog\/","logo":{"@type":"ImageObject","inLanguage":"es","@id":"https:\/\/www.vortize.com\/blog\/#\/schema\/logo\/image\/","url":"https:\/\/i0.wp.com\/www.vortize.com\/blog\/wp-content\/uploads\/2021\/09\/Logo_2b_ancho_300.png?fit=299%2C107","contentUrl":"https:\/\/i0.wp.com\/www.vortize.com\/blog\/wp-content\/uploads\/2021\/09\/Logo_2b_ancho_300.png?fit=299%2C107","width":299,"height":107,"caption":"Vortize Arquitectos"},"image":{"@id":"https:\/\/www.vortize.com\/blog\/#\/schema\/logo\/image\/"},"sameAs":["https:\/\/x.com\/vortize_arq","https:\/\/www.linkedin.com\/in\/aortizes\/","https:\/\/www.youtube.com\/channel\/UCrDE890NrmAMcCleXxA35Yg"]}]}},"_links":{"self":[{"href":"https:\/\/www.vortize.com\/blog\/wp-json\/wp\/v2\/pages\/174"}],"collection":[{"href":"https:\/\/www.vortize.com\/blog\/wp-json\/wp\/v2\/pages"}],"about":[{"href":"https:\/\/www.vortize.com\/blog\/wp-json\/wp\/v2\/types\/page"}],"author":[{"embeddable":true,"href":"https:\/\/www.vortize.com\/blog\/wp-json\/wp\/v2\/users\/1"}],"replies":[{"embeddable":true,"href":"https:\/\/www.vortize.com\/blog\/wp-json\/wp\/v2\/comments?post=174"}],"version-history":[{"count":5,"href":"https:\/\/www.vortize.com\/blog\/wp-json\/wp\/v2\/pages\/174\/revisions"}],"predecessor-version":[{"id":2383,"href":"https:\/\/www.vortize.com\/blog\/wp-json\/wp\/v2\/pages\/174\/revisions\/2383"}],"wp:attachment":[{"href":"https:\/\/www.vortize.com\/blog\/wp-json\/wp\/v2\/media?parent=174"}],"curies":[{"name":"wp","href":"https:\/\/api.w.org\/{rel}","templated":true}]}}