{"id":2,"date":"2018-12-29T08:28:44","date_gmt":"2018-12-29T07:28:44","guid":{"rendered":"http:\/\/www.vortize.com\/blog\/?page_id=2"},"modified":"2021-09-30T22:50:49","modified_gmt":"2021-09-30T20:50:49","slug":"equipo","status":"publish","type":"page","link":"https:\/\/www.vortize.com\/blog\/equipo\/","title":{"rendered":"Equipo"},"content":{"rendered":"\n<hr class=\"wp-block-separator\"\/>\n\n\n\n<div class=\"wp-block-image\"><figure class=\"alignleft is-resized\"><img decoding=\"async\" src=\"https:\/\/www.vortize.com\/blog\/wp-content\/uploads\/2019\/01\/CV_2013_R_transparency.png\" alt=\"\" class=\"wp-image-517\" width=\"137\" height=\"137\" srcset=\"https:\/\/www.vortize.com\/blog\/wp-content\/uploads\/2019\/01\/CV_2013_R_transparency.png 150w, https:\/\/www.vortize.com\/blog\/wp-content\/uploads\/2019\/01\/CV_2013_R_transparency-100x100.png 100w\" sizes=\"(max-width: 137px) 100vw, 137px\" \/><\/figure><\/div>\n\n\n\n<h3 class=\"wp-block-heading\">Antonio Ortiz Esteller<\/h3>\n\n\n\n<p class=\"has-drop-cap\"> All\u00e1 por el comienzo del milenio inici\u00e9 mi andadura profesional tras haberme licenciado como arquitecto en la Escuela T\u00e9cnica Superior de Arquitectura de Sevilla, con la especialidad de edificaci\u00f3n, y habiendo cursado el per\u00edodo de docencia de Tercer ciclo (Doctorado) en el programa de mec\u00e1nica de los medios continuos, estructuras e ingenier\u00eda del terreno. <\/p>\n\n\n\n<p>Durante estos a\u00f1os, he realizado todo tipo de encargos profesionales como socio y heredero del <a href=\"http:\/\/www.vortize.com\/\">estudio de arquitectura y urbanismo AOG<\/a> (actualmente Vortize arquitectos), adquiriendo especial cari\u00f1o por la rehabilitaci\u00f3n, el proyecto estructural y el dise\u00f1o conceptual en todo tipo de edificaciones, campos en los que he desarrollado una amplia trayectoria y experiencia. <\/p>\n\n\n\n<p>He intervenido en proyectos a nivel nacional e internacional, habiendo vivido la experiencia de trabajar como expatriado durante tres a\u00f1os siendo director de oficina t\u00e9cnica. Como profesional, ofrezco un trato comprometido y cercano con el cliente, ofreciendo la informaci\u00f3n y soluciones adecuadas en los plazos acordados, siendo mi satisfacci\u00f3n personal cumplir con las expectativas del cliente.<\/p>\n\n\n\n<p>Soy miembro de la <a rel=\"noreferrer noopener\" aria-label=\" (abre en una nueva pesta\u00f1a)\" href=\"http:\/\/e-ache.com\/\" target=\"_blank\">Asociaci\u00f3n espa\u00f1ola de Ingenier\u00eda Estructural<\/a> (ACHE) y estoy adscrito, como arquitecto colegiado, al Colegio Oficial de Arquitectos de Almer\u00eda, donde actualmente ejerzo la profesi\u00f3n.<\/p>\n\n\n\n<p>Si quieres saber m\u00e1s sobre m\u00ed, puedes echar un vistazo a mis realizaciones recientes o a mi <a rel=\"noreferrer noopener\" aria-label=\"formaci\u00f3n y trayectoria profesional (abre en una nueva pesta\u00f1a)\" href=\"https:\/\/es.linkedin.com\/in\/aortizes\" target=\"_blank\">formaci\u00f3n y trayectoria profesional<\/a>.<\/p>\n\n\n\n<ul class=\"wp-block-social-links aligncenter is-layout-flex wp-block-social-links-is-layout-flex\">\n\n\n\n\n\n<li class=\"wp-social-link wp-social-link-twitter  wp-block-social-link\"><a href=\"https:\/\/twitter.com\/aortizes\" class=\"wp-block-social-link-anchor\"><svg width=\"24\" height=\"24\" viewBox=\"0 0 24 24\" version=\"1.1\" xmlns=\"http:\/\/www.w3.org\/2000\/svg\" aria-hidden=\"true\" focusable=\"false\"><path d=\"M22.23,5.924c-0.736,0.326-1.527,0.547-2.357,0.646c0.847-0.508,1.498-1.312,1.804-2.27 c-0.793,0.47-1.671,0.812-2.606,0.996C18.324,4.498,17.257,4,16.077,4c-2.266,0-4.103,1.837-4.103,4.103 c0,0.322,0.036,0.635,0.106,0.935C8.67,8.867,5.647,7.234,3.623,4.751C3.27,5.357,3.067,6.062,3.067,6.814 c0,1.424,0.724,2.679,1.825,3.415c-0.673-0.021-1.305-0.206-1.859-0.513c0,0.017,0,0.034,0,0.052c0,1.988,1.414,3.647,3.292,4.023 c-0.344,0.094-0.707,0.144-1.081,0.144c-0.264,0-0.521-0.026-0.772-0.074c0.522,1.63,2.038,2.816,3.833,2.85 c-1.404,1.1-3.174,1.756-5.096,1.756c-0.331,0-0.658-0.019-0.979-0.057c1.816,1.164,3.973,1.843,6.29,1.843 c7.547,0,11.675-6.252,11.675-11.675c0-0.178-0.004-0.355-0.012-0.531C20.985,7.47,21.68,6.747,22.23,5.924z\"><\/path><\/svg><span class=\"wp-block-social-link-label screen-reader-text\">Twitter<\/span><\/a><\/li>\n\n<li class=\"wp-social-link wp-social-link-tumblr  wp-block-social-link\"><a href=\"https:\/\/aortizes.tumblr.com\/\" class=\"wp-block-social-link-anchor\"><svg width=\"24\" height=\"24\" viewBox=\"0 0 24 24\" version=\"1.1\" xmlns=\"http:\/\/www.w3.org\/2000\/svg\" aria-hidden=\"true\" focusable=\"false\"><path d=\"M17.04 21.28h-3.28c-2.84 0-4.94-1.37-4.94-5.02v-5.67H6.08V7.5c2.93-.73 4.11-3.3 4.3-5.48h3.01v4.93h3.47v3.65H13.4v4.93c0 1.47.73 2.01 1.92 2.01h1.73v3.75z\" \/><\/path><\/svg><span class=\"wp-block-social-link-label screen-reader-text\">Tumblr<\/span><\/a><\/li>\n\n<li class=\"wp-social-link wp-social-link-youtube  wp-block-social-link\"><a href=\"https:\/\/www.youtube.com\/channel\/UCrDE890NrmAMcCleXxA35Yg\" class=\"wp-block-social-link-anchor\"><svg width=\"24\" height=\"24\" viewBox=\"0 0 24 24\" version=\"1.1\" xmlns=\"http:\/\/www.w3.org\/2000\/svg\" aria-hidden=\"true\" focusable=\"false\"><path d=\"M21.8,8.001c0,0-0.195-1.378-0.795-1.985c-0.76-0.797-1.613-0.801-2.004-0.847c-2.799-0.202-6.997-0.202-6.997-0.202 h-0.009c0,0-4.198,0-6.997,0.202C4.608,5.216,3.756,5.22,2.995,6.016C2.395,6.623,2.2,8.001,2.2,8.001S2,9.62,2,11.238v1.517 c0,1.618,0.2,3.237,0.2,3.237s0.195,1.378,0.795,1.985c0.761,0.797,1.76,0.771,2.205,0.855c1.6,0.153,6.8,0.201,6.8,0.201 s4.203-0.006,7.001-0.209c0.391-0.047,1.243-0.051,2.004-0.847c0.6-0.607,0.795-1.985,0.795-1.985s0.2-1.618,0.2-3.237v-1.517 C22,9.62,21.8,8.001,21.8,8.001z M9.935,14.594l-0.001-5.62l5.404,2.82L9.935,14.594z\"><\/path><\/svg><span class=\"wp-block-social-link-label screen-reader-text\">YouTube<\/span><\/a><\/li>\n\n<li class=\"wp-social-link wp-social-link-linkedin  wp-block-social-link\"><a href=\"https:\/\/www.linkedin.com\/in\/aortizes\" class=\"wp-block-social-link-anchor\"><svg width=\"24\" height=\"24\" viewBox=\"0 0 24 24\" version=\"1.1\" xmlns=\"http:\/\/www.w3.org\/2000\/svg\" aria-hidden=\"true\" focusable=\"false\"><path d=\"M19.7,3H4.3C3.582,3,3,3.582,3,4.3v15.4C3,20.418,3.582,21,4.3,21h15.4c0.718,0,1.3-0.582,1.3-1.3V4.3 C21,3.582,20.418,3,19.7,3z M8.339,18.338H5.667v-8.59h2.672V18.338z M7.004,8.574c-0.857,0-1.549-0.694-1.549-1.548 c0-0.855,0.691-1.548,1.549-1.548c0.854,0,1.547,0.694,1.547,1.548C8.551,7.881,7.858,8.574,7.004,8.574z M18.339,18.338h-2.669 v-4.177c0-0.996-0.017-2.278-1.387-2.278c-1.389,0-1.601,1.086-1.601,2.206v4.249h-2.667v-8.59h2.559v1.174h0.037 c0.356-0.675,1.227-1.387,2.526-1.387c2.703,0,3.203,1.779,3.203,4.092V18.338z\"><\/path><\/svg><span class=\"wp-block-social-link-label screen-reader-text\">LinkedIn<\/span><\/a><\/li><\/ul>\n\n\n\n<div class=\"wp-block-button aligncenter\"><a class=\"wp-block-button__link has-vivid-cyan-blue-background-color has-background\" href=\"http:\/\/aortizes.tumblr.com\/\">PORTFOLIO<\/a><\/div>\n\n\n\n<div class=\"wp-block-jetpack-contact-info\">\n<p><\/p>\n<\/div>\n\n\n\n<hr class=\"wp-block-separator\"\/>\n\n\n\n<div class=\"wp-block-image\"><figure class=\"alignleft size-large is-resized\"><img decoding=\"async\" src=\"https:\/\/www.vortize.com\/blog\/wp-content\/uploads\/2020\/04\/FOTO_BLOG_01_800.png\" alt=\"\" class=\"wp-image-1435\" width=\"155\" height=\"150\" srcset=\"https:\/\/www.vortize.com\/blog\/wp-content\/uploads\/2020\/04\/FOTO_BLOG_01_800.png 800w, https:\/\/www.vortize.com\/blog\/wp-content\/uploads\/2020\/04\/FOTO_BLOG_01_800-300x293.png 300w, https:\/\/www.vortize.com\/blog\/wp-content\/uploads\/2020\/04\/FOTO_BLOG_01_800-768x750.png 768w, https:\/\/www.vortize.com\/blog\/wp-content\/uploads\/2020\/04\/FOTO_BLOG_01_800-700x683.png 700w, https:\/\/www.vortize.com\/blog\/wp-content\/uploads\/2020\/04\/FOTO_BLOG_01_800-510x498.png 510w, https:\/\/www.vortize.com\/blog\/wp-content\/uploads\/2020\/04\/FOTO_BLOG_01_800-360x351.png 360w, https:\/\/www.vortize.com\/blog\/wp-content\/uploads\/2020\/04\/FOTO_BLOG_01_800-250x244.png 250w, https:\/\/www.vortize.com\/blog\/wp-content\/uploads\/2020\/04\/FOTO_BLOG_01_800-100x98.png 100w\" sizes=\"(max-width: 155px) 100vw, 155px\" \/><\/figure><\/div>\n\n\n\n<h3 class=\"wp-block-heading\">Roberto Ledesma Basualdo<\/h3>\n\n\n\n<p class=\"has-drop-cap\">Mi actividad profesional comienza en Argentina, donde nac\u00ed, habiendo estudiado la carrera de arquitectura en la Universidad Nacional de Tucum\u00e1n. Emigr\u00e9 a Espa\u00f1a en el a\u00f1o 2.002 y homologu\u00e9 mi t\u00edtulo de arquitectura en la UPM (Universidad Polit\u00e9cnica de Madrid.) con la especialidad de Edificaci\u00f3n, periodo en el que adapt\u00e9 mi curr\u00edculo a las exigencias de la Uni\u00f3n Europea.<\/p>\n\n\n\n<p>En este tiempo he tenido la oportunidad de realizar trabajos de distinta entidad dentro de mi profesi\u00f3n, desde rehabilitaci\u00f3n, reformas, gesti\u00f3n de actividades comerciales y retail hasta gesti\u00f3n de inmuebles, obra nueva, arquitectura ef\u00edmera e interiorismo.<\/p>\n\n\n\n<p>Actualmente en proceso de migraci\u00f3n a entornos BIM y GIS para proyecto y gesti\u00f3n de Edificaci\u00f3n y Urbanismo, trato de aportar nuevos enfoques en la visualizaci\u00f3n, planificaci\u00f3n y comunicaci\u00f3n durante el proceso constructivo para optimizar todo el tr\u00e1nsito desde conceptualizaci\u00f3n y proyecto hasta la ejecuci\u00f3n final de obras.<\/p>\n\n\n\n<p><\/p>\n","protected":false},"excerpt":{"rendered":"<p>Antonio Ortiz Esteller All\u00e1 por el comienzo del milenio inici\u00e9 mi andadura profesional tras haberme licenciado como arquitecto en la Escuela T\u00e9cnica Superior de Arquitectura de Sevilla, con la especialidad de edificaci\u00f3n, y habiendo cursado el per\u00edodo de docencia de Tercer ciclo (Doctorado) en el&#8230;<\/p>\n","protected":false},"author":1,"featured_media":0,"parent":0,"menu_order":0,"comment_status":"closed","ping_status":"closed","template":"","meta":{"footnotes":""},"class_list":["post-2","page","type-page","status-publish","hentry"],"yoast_head":"<!-- This site is optimized with the Yoast SEO plugin v25.6 - https:\/\/yoast.com\/wordpress\/plugins\/seo\/ -->\n<title>Equipo - Vortize Arquitectos<\/title>\n<meta name=\"description\" content=\"Equipo de V\u00f3rtize arquitectos\" \/>\n<meta name=\"robots\" content=\"index, follow, max-snippet:-1, max-image-preview:large, max-video-preview:-1\" \/>\n<link rel=\"canonical\" href=\"https:\/\/www.vortize.com\/blog\/equipo\/\" \/>\n<meta property=\"og:locale\" content=\"es_ES\" \/>\n<meta property=\"og:type\" content=\"article\" \/>\n<meta property=\"og:title\" content=\"Equipo - Vortize Arquitectos\" \/>\n<meta property=\"og:description\" content=\"Equipo de V\u00f3rtize arquitectos\" \/>\n<meta property=\"og:url\" content=\"https:\/\/www.vortize.com\/blog\/equipo\/\" \/>\n<meta property=\"og:site_name\" content=\"Vortize Arquitectos\" \/>\n<meta property=\"article:modified_time\" content=\"2021-09-30T20:50:49+00:00\" \/>\n<meta property=\"og:image\" content=\"http:\/\/www.vortize.com\/blog\/wp-content\/uploads\/2019\/01\/CV_2013_R_transparency.png\" \/>\n<meta name=\"twitter:card\" content=\"summary_large_image\" \/>\n<meta name=\"twitter:site\" content=\"@vortize_arq\" \/>\n<meta name=\"twitter:label1\" content=\"Tiempo de lectura\" \/>\n\t<meta name=\"twitter:data1\" content=\"2 minutos\" \/>\n<script type=\"application\/ld+json\" class=\"yoast-schema-graph\">{\"@context\":\"https:\/\/schema.org\",\"@graph\":[{\"@type\":\"WebPage\",\"@id\":\"https:\/\/www.vortize.com\/blog\/equipo\/\",\"url\":\"https:\/\/www.vortize.com\/blog\/equipo\/\",\"name\":\"Equipo - Vortize Arquitectos\",\"isPartOf\":{\"@id\":\"https:\/\/www.vortize.com\/blog\/#website\"},\"primaryImageOfPage\":{\"@id\":\"https:\/\/www.vortize.com\/blog\/equipo\/#primaryimage\"},\"image\":{\"@id\":\"https:\/\/www.vortize.com\/blog\/equipo\/#primaryimage\"},\"thumbnailUrl\":\"http:\/\/www.vortize.com\/blog\/wp-content\/uploads\/2019\/01\/CV_2013_R_transparency.png\",\"datePublished\":\"2018-12-29T07:28:44+00:00\",\"dateModified\":\"2021-09-30T20:50:49+00:00\",\"description\":\"Equipo de V\u00f3rtize arquitectos\",\"breadcrumb\":{\"@id\":\"https:\/\/www.vortize.com\/blog\/equipo\/#breadcrumb\"},\"inLanguage\":\"es\",\"potentialAction\":[{\"@type\":\"ReadAction\",\"target\":[\"https:\/\/www.vortize.com\/blog\/equipo\/\"]}]},{\"@type\":\"ImageObject\",\"inLanguage\":\"es\",\"@id\":\"https:\/\/www.vortize.com\/blog\/equipo\/#primaryimage\",\"url\":\"http:\/\/www.vortize.com\/blog\/wp-content\/uploads\/2019\/01\/CV_2013_R_transparency.png\",\"contentUrl\":\"http:\/\/www.vortize.com\/blog\/wp-content\/uploads\/2019\/01\/CV_2013_R_transparency.png\"},{\"@type\":\"BreadcrumbList\",\"@id\":\"https:\/\/www.vortize.com\/blog\/equipo\/#breadcrumb\",\"itemListElement\":[{\"@type\":\"ListItem\",\"position\":1,\"name\":\"Portada\",\"item\":\"https:\/\/www.vortize.com\/blog\/\"},{\"@type\":\"ListItem\",\"position\":2,\"name\":\"Equipo\"}]},{\"@type\":\"WebSite\",\"@id\":\"https:\/\/www.vortize.com\/blog\/#website\",\"url\":\"https:\/\/www.vortize.com\/blog\/\",\"name\":\"Vortize Arquitectos\",\"description\":\"Estudio de arquitectura, urbanismo y rehabilitaci\u00f3n\",\"publisher\":{\"@id\":\"https:\/\/www.vortize.com\/blog\/#organization\"},\"potentialAction\":[{\"@type\":\"SearchAction\",\"target\":{\"@type\":\"EntryPoint\",\"urlTemplate\":\"https:\/\/www.vortize.com\/blog\/?s={search_term_string}\"},\"query-input\":{\"@type\":\"PropertyValueSpecification\",\"valueRequired\":true,\"valueName\":\"search_term_string\"}}],\"inLanguage\":\"es\"},{\"@type\":\"Organization\",\"@id\":\"https:\/\/www.vortize.com\/blog\/#organization\",\"name\":\"Vortize Arquitectos\",\"url\":\"https:\/\/www.vortize.com\/blog\/\",\"logo\":{\"@type\":\"ImageObject\",\"inLanguage\":\"es\",\"@id\":\"https:\/\/www.vortize.com\/blog\/#\/schema\/logo\/image\/\",\"url\":\"https:\/\/i0.wp.com\/www.vortize.com\/blog\/wp-content\/uploads\/2021\/09\/Logo_2b_ancho_300.png?fit=299%2C107\",\"contentUrl\":\"https:\/\/i0.wp.com\/www.vortize.com\/blog\/wp-content\/uploads\/2021\/09\/Logo_2b_ancho_300.png?fit=299%2C107\",\"width\":299,\"height\":107,\"caption\":\"Vortize Arquitectos\"},\"image\":{\"@id\":\"https:\/\/www.vortize.com\/blog\/#\/schema\/logo\/image\/\"},\"sameAs\":[\"https:\/\/x.com\/vortize_arq\",\"https:\/\/www.linkedin.com\/in\/aortizes\/\",\"https:\/\/www.youtube.com\/channel\/UCrDE890NrmAMcCleXxA35Yg\"]}]}<\/script>\n<!-- \/ Yoast SEO plugin. -->","yoast_head_json":{"title":"Equipo - Vortize Arquitectos","description":"Equipo de V\u00f3rtize arquitectos","robots":{"index":"index","follow":"follow","max-snippet":"max-snippet:-1","max-image-preview":"max-image-preview:large","max-video-preview":"max-video-preview:-1"},"canonical":"https:\/\/www.vortize.com\/blog\/equipo\/","og_locale":"es_ES","og_type":"article","og_title":"Equipo - Vortize Arquitectos","og_description":"Equipo de V\u00f3rtize arquitectos","og_url":"https:\/\/www.vortize.com\/blog\/equipo\/","og_site_name":"Vortize Arquitectos","article_modified_time":"2021-09-30T20:50:49+00:00","og_image":[{"url":"http:\/\/www.vortize.com\/blog\/wp-content\/uploads\/2019\/01\/CV_2013_R_transparency.png","type":"","width":"","height":""}],"twitter_card":"summary_large_image","twitter_site":"@vortize_arq","twitter_misc":{"Tiempo de lectura":"2 minutos"},"schema":{"@context":"https:\/\/schema.org","@graph":[{"@type":"WebPage","@id":"https:\/\/www.vortize.com\/blog\/equipo\/","url":"https:\/\/www.vortize.com\/blog\/equipo\/","name":"Equipo - Vortize Arquitectos","isPartOf":{"@id":"https:\/\/www.vortize.com\/blog\/#website"},"primaryImageOfPage":{"@id":"https:\/\/www.vortize.com\/blog\/equipo\/#primaryimage"},"image":{"@id":"https:\/\/www.vortize.com\/blog\/equipo\/#primaryimage"},"thumbnailUrl":"http:\/\/www.vortize.com\/blog\/wp-content\/uploads\/2019\/01\/CV_2013_R_transparency.png","datePublished":"2018-12-29T07:28:44+00:00","dateModified":"2021-09-30T20:50:49+00:00","description":"Equipo de V\u00f3rtize arquitectos","breadcrumb":{"@id":"https:\/\/www.vortize.com\/blog\/equipo\/#breadcrumb"},"inLanguage":"es","potentialAction":[{"@type":"ReadAction","target":["https:\/\/www.vortize.com\/blog\/equipo\/"]}]},{"@type":"ImageObject","inLanguage":"es","@id":"https:\/\/www.vortize.com\/blog\/equipo\/#primaryimage","url":"http:\/\/www.vortize.com\/blog\/wp-content\/uploads\/2019\/01\/CV_2013_R_transparency.png","contentUrl":"http:\/\/www.vortize.com\/blog\/wp-content\/uploads\/2019\/01\/CV_2013_R_transparency.png"},{"@type":"BreadcrumbList","@id":"https:\/\/www.vortize.com\/blog\/equipo\/#breadcrumb","itemListElement":[{"@type":"ListItem","position":1,"name":"Portada","item":"https:\/\/www.vortize.com\/blog\/"},{"@type":"ListItem","position":2,"name":"Equipo"}]},{"@type":"WebSite","@id":"https:\/\/www.vortize.com\/blog\/#website","url":"https:\/\/www.vortize.com\/blog\/","name":"Vortize Arquitectos","description":"Estudio de arquitectura, urbanismo y rehabilitaci\u00f3n","publisher":{"@id":"https:\/\/www.vortize.com\/blog\/#organization"},"potentialAction":[{"@type":"SearchAction","target":{"@type":"EntryPoint","urlTemplate":"https:\/\/www.vortize.com\/blog\/?s={search_term_string}"},"query-input":{"@type":"PropertyValueSpecification","valueRequired":true,"valueName":"search_term_string"}}],"inLanguage":"es"},{"@type":"Organization","@id":"https:\/\/www.vortize.com\/blog\/#organization","name":"Vortize Arquitectos","url":"https:\/\/www.vortize.com\/blog\/","logo":{"@type":"ImageObject","inLanguage":"es","@id":"https:\/\/www.vortize.com\/blog\/#\/schema\/logo\/image\/","url":"https:\/\/i0.wp.com\/www.vortize.com\/blog\/wp-content\/uploads\/2021\/09\/Logo_2b_ancho_300.png?fit=299%2C107","contentUrl":"https:\/\/i0.wp.com\/www.vortize.com\/blog\/wp-content\/uploads\/2021\/09\/Logo_2b_ancho_300.png?fit=299%2C107","width":299,"height":107,"caption":"Vortize Arquitectos"},"image":{"@id":"https:\/\/www.vortize.com\/blog\/#\/schema\/logo\/image\/"},"sameAs":["https:\/\/x.com\/vortize_arq","https:\/\/www.linkedin.com\/in\/aortizes\/","https:\/\/www.youtube.com\/channel\/UCrDE890NrmAMcCleXxA35Yg"]}]}},"_links":{"self":[{"href":"https:\/\/www.vortize.com\/blog\/wp-json\/wp\/v2\/pages\/2"}],"collection":[{"href":"https:\/\/www.vortize.com\/blog\/wp-json\/wp\/v2\/pages"}],"about":[{"href":"https:\/\/www.vortize.com\/blog\/wp-json\/wp\/v2\/types\/page"}],"author":[{"embeddable":true,"href":"https:\/\/www.vortize.com\/blog\/wp-json\/wp\/v2\/users\/1"}],"replies":[{"embeddable":true,"href":"https:\/\/www.vortize.com\/blog\/wp-json\/wp\/v2\/comments?post=2"}],"version-history":[{"count":0,"href":"https:\/\/www.vortize.com\/blog\/wp-json\/wp\/v2\/pages\/2\/revisions"}],"wp:attachment":[{"href":"https:\/\/www.vortize.com\/blog\/wp-json\/wp\/v2\/media?parent=2"}],"curies":[{"name":"wp","href":"https:\/\/api.w.org\/{rel}","templated":true}]}}